{"id":2693,"date":"2020-08-21T10:43:57","date_gmt":"2020-08-21T08:43:57","guid":{"rendered":"http:\/\/carlodeagnoi.com\/?page_id=2693"},"modified":"2023-12-12T12:14:48","modified_gmt":"2023-12-12T11:14:48","slug":"seminario-sulla-multivisione","status":"publish","type":"page","link":"https:\/\/carlodeagnoi.com\/index.php\/seminario-sulla-multivisione\/","title":{"rendered":"Seminario sulla multivisione"},"content":{"rendered":"<div class=\"wpb-content-wrapper\"><p>[vc_row css=&#8221;.vc_custom_1597909034249{margin-top: 20px !important;padding-top: 10px !important;}&#8221;][vc_column width=&#8221;1\/6&#8243;][\/vc_column][vc_column width=&#8221;2\/3&#8243;][vc_column_text]<\/p>\n<h2 style=\"text-align: center;\">Seminario sulla multivisione<\/h2>\n<p>[\/vc_column_text][vc_column_text]<\/p>\n<p style=\"text-align: center;\"><strong>IL MONTAGGIO MULTIVISIVO<\/strong><\/p>\n<p>[\/vc_column_text][vc_column_text]Il seminario \u00e8 rivolto alle persone che desiderano apprendere la metodica per realizzare degli audiovisivi digitali.<br \/>\nL\u2019obiettivo principale \u00e8 quello di studiare le linee guida necessarie alla costruzione di un lavoro multivisivo. L\u2019analisi viene fatta partendo dalla valutazione iniziale del materiale a disposizione, fotografie e obiettivo da raggiungere; successivamente si cerca di imbastire un filo conduttore con conseguente scelta della musica, delle immagini ed eventualmente del testo. In una seconda fase viene affrontata la parte tecnica che consente, tramite l\u2019uso di un software adeguato, la realizzazione del prodotto finito.[\/vc_column_text][\/vc_column][vc_column width=&#8221;1\/6&#8243;][\/vc_column][\/vc_row][vc_row full_width=&#8221;stretch_row&#8221; css=&#8221;.vc_custom_1597909109467{margin-top: 20px !important;margin-bottom: 20px !important;padding-top: 5px !important;padding-bottom: 5px !important;background-color: #ededed !important;}&#8221;][vc_column width=&#8221;1\/2&#8243;][vc_column_text]<\/p>\n<h5><strong>Temi affrontati<\/strong><\/h5>\n<p>&#8211; Focalizzazione dell\u2019argomento da sviluppare<br \/>\n&#8211; Analisi delle immagini a disposizione<br \/>\n&#8211; Sviluppo dello Story Board<br \/>\n&#8211; Ricerca della musica<br \/>\n&#8211; Preparazione del materiale per il montaggio<br \/>\n&#8211; Rudimenti di base sulla filosofia dei software di montaggio digitale<br \/>\n&#8211; Montaggio digitale<\/p>\n<p>Durante il percorso vengono anche toccati i seguenti argomenti:<br \/>\n&#8211; La programmazione, intesa come variazione dei ritmi<br \/>\n&#8211; La ricerca della linearit\u00e0<br \/>\n&#8211; La valorizzazione di alcune immagini significative<br \/>\n&#8211; I cambi musicali[\/vc_column_text][\/vc_column][vc_column width=&#8221;1\/2&#8243;][vc_single_image image=&#8221;2728&#8243; img_size=&#8221;600&#215;400&#8243;][\/vc_column][\/vc_row][vc_row css=&#8221;.vc_custom_1597909557956{margin-top: 20px !important;margin-bottom: 20px !important;padding-top: 5px !important;padding-bottom: 5px !important;}&#8221;][vc_column width=&#8221;1\/2&#8243;][vc_single_image image=&#8221;2721&#8243; img_size=&#8221;600&#215;350&#8243;][\/vc_column][vc_column width=&#8221;1\/2&#8243;][vc_column_text]<\/p>\n<h5><strong>Orario<\/strong><\/h5>\n<p>Il seminario teorico, illustrato sul grande schermo dal relatore, si sviluppa nell&#8217;arco di una giornata.<\/p>\n<p>Il seminario pratico, in cui i partecipanti tramite il proprio computer vengono condotti alla realizzazione di alcune sequenze, si sviluppa nell&#8217;arco di due giornate.<\/p>\n<p>Numero minimo partecipanti: 12<\/p>\n<p>Per ulteriori informazioni \u00e8 possibile inviare una mail a: <strong>info@marcopolomultivisioni.it<\/strong>[\/vc_column_text][\/vc_column][\/vc_row][vc_row full_width=&#8221;stretch_row&#8221; css=&#8221;.vc_custom_1597909109467{margin-top: 20px !important;margin-bottom: 20px !important;padding-top: 5px !important;padding-bottom: 5px !important;background-color: #ededed !important;}&#8221;][vc_column][vc_column_text]<\/p>\n<h5 style=\"text-align: center;\"><strong>Organizzazione<\/strong><\/h5>\n<p style=\"text-align: center;\">ASSOCIAZIONE CULTURALE MARCO POLO MULTIVISIONI (TV)<\/p>\n<p>[\/vc_column_text][vc_row_inner][vc_column_inner width=&#8221;1\/2&#8243;][vc_column_text]L\u2019Associazione Culturale Marco Polo Multivisioni \u00e8 presente nel panorama multivisivo dal 1992, anno di fondazione.<br \/>\nL&#8217;obiettivo statutario \u00e8 quello di promuovere alcuni aspetti della cultura e dell&#8217;arte legati all&#8217;espressione multivisiva, contribuendo alla creazione di nuovi punti di riferimento nel panorama nazionale.[\/vc_column_text][\/vc_column_inner][vc_column_inner width=&#8221;1\/2&#8243;][vc_column_text]Organizza festivals e rassegne allo scopo di far conoscere al pubblico italiano alcuni tra i pi\u00f9 importanti autori nazionali ed internazionali.<br \/>\nIstituisce workshops indirizzati all&#8217;apprendimento delle tecniche per la realizzazione di lavori multivisivi contribuendo a diffondere questa particolare forma di espressione.[\/vc_column_text][\/vc_column_inner][\/vc_row_inner][\/vc_column][\/vc_row][vc_row css=&#8221;.vc_custom_1597909843175{margin-top: 20px !important;margin-bottom: 0px !important;padding-top: 5px !important;padding-bottom: 5px !important;}&#8221;][vc_column width=&#8221;1\/2&#8243;][vc_column_text]<\/p>\n<h5><strong>Il relatore<\/strong><\/h5>\n<p>Carlo De Agnoi inizia a fotografare nel 1970.<br \/>\nScopre la multivisione agli inizi degli anni \u201990.<br \/>\nNel 1997 effettua un percorso di perfezionamento presso la First Image &amp; Snappers di Londra, una delle pi\u00f9 importanti ditte produttrici di multivisioni al mondo.<br \/>\nNel 1998 frequenta il master Dataton in Svezia, ottenendo il diploma di &#8220;Wizard&#8221; e diventando cos\u00ec uno dei tecnici pi\u00f9 esperti di apparecchiature multivisive.<br \/>\nTiene diversi seminari sulla tecnica e creativit\u00e0 multivisiva in varie citt\u00e0 d&#8217;Italia e nel 1999 \u00e8 co-organizzatore e docente in un corso, patrocinato dal Fondo Sociale Europeo, per la creazione di una nuova figura professionale: quella di Tecnico per la Multivisione. Il corso \u00e8 il primo del suo genere in Europa.<br \/>\nInsegna la fotografia documentaristica e naturalistica in workshops dedicati.[\/vc_column_text][\/vc_column][vc_column width=&#8221;1\/2&#8243;][vc_single_image image=&#8221;2714&#8243; img_size=&#8221;600&#215;400&#8243;][\/vc_column][\/vc_row][vc_row css=&#8221;.vc_custom_1597909852240{margin-top: 5px !important;margin-bottom: 20px !important;padding-top: 5px !important;padding-bottom: 5px !important;}&#8221;][vc_column width=&#8221;1\/2&#8243;][vc_single_image image=&#8221;2727&#8243; img_size=&#8221;600&#215;400&#8243;][\/vc_column][vc_column width=&#8221;1\/2&#8243;][vc_column_text]Ha creato installazioni fisse con oltre 24 proiettori nonch\u00e9 lavori di tipo museale.<br \/>\nFino al 2001 \u00e8 stato co-fondatore e co-organizzatore di Fantadia, Festival Internazionale di Multivisione con sede ad Asolo.<br \/>\nE&#8217; stato uno dei fondatori con partecipazione attiva di A.I.D.A.M.A. l&#8217;Associazione Italiana Autori di Multivisione Artistica.<br \/>\nMolte le collaborazioni con altri autori, fotografi e artisti di musica e teatro.<br \/>\nHa creato scenografie multivisive e le ha proiettate in oltre 100 concerti di musica etnica e new-age.<br \/>\nPi\u00f9 di 800 gli spettacoli personali e le partecipazioni a eventi multivisivi nazionali e internazionali.<br \/>\nOltre 3000 i lavori proiettati.<br \/>\nHa vinto numerosi concorsi nazionali e internazionali e ricevuto diversi riconoscimenti.[\/vc_column_text][\/vc_column][\/vc_row]<\/p>\n<\/div>","protected":false},"excerpt":{"rendered":"<p>[vc_row css=&#8221;.vc_custom_1597909034249{margin-top: 20px !important;padding-top: 10px !important;}&#8221;][vc_column width=&#8221;1\/6&#8243;][\/vc_column][vc_column width=&#8221;2\/3&#8243;][vc_column_text] Seminario sulla multivisione [\/vc_column_text][vc_column_text] IL MONTAGGIO MULTIVISIVO [\/vc_column_text][vc_column_text]Il seminario \u00e8 rivolto alle persone che desiderano apprendere la metodica per realizzare degli audiovisivi digitali. L\u2019obiettivo principale \u00e8 quello di studiare le linee guida necessarie alla costruzione di un lavoro multivisivo. L\u2019analisi viene fatta partendo dalla valutazione iniziale del&hellip;<\/p>\n","protected":false},"author":1,"featured_media":0,"parent":0,"menu_order":0,"comment_status":"closed","ping_status":"closed","template":"","meta":{"_acf_changed":false,"inline_featured_image":false,"footnotes":""},"class_list":["post-2693","page","type-page","status-publish","hentry"],"acf":[],"_links":{"self":[{"href":"https:\/\/carlodeagnoi.com\/index.php\/wp-json\/wp\/v2\/pages\/2693","targetHints":{"allow":["GET"]}}],"collection":[{"href":"https:\/\/carlodeagnoi.com\/index.php\/wp-json\/wp\/v2\/pages"}],"about":[{"href":"https:\/\/carlodeagnoi.com\/index.php\/wp-json\/wp\/v2\/types\/page"}],"author":[{"embeddable":true,"href":"https:\/\/carlodeagnoi.com\/index.php\/wp-json\/wp\/v2\/users\/1"}],"replies":[{"embeddable":true,"href":"https:\/\/carlodeagnoi.com\/index.php\/wp-json\/wp\/v2\/comments?post=2693"}],"version-history":[{"count":36,"href":"https:\/\/carlodeagnoi.com\/index.php\/wp-json\/wp\/v2\/pages\/2693\/revisions"}],"predecessor-version":[{"id":3978,"href":"https:\/\/carlodeagnoi.com\/index.php\/wp-json\/wp\/v2\/pages\/2693\/revisions\/3978"}],"wp:attachment":[{"href":"https:\/\/carlodeagnoi.com\/index.php\/wp-json\/wp\/v2\/media?parent=2693"}],"curies":[{"name":"wp","href":"https:\/\/api.w.org\/{rel}","templated":true}]}}