{"id":2672,"date":"2020-08-22T11:07:20","date_gmt":"2020-08-22T09:07:20","guid":{"rendered":"http:\/\/carlodeagnoi.com\/?page_id=2672"},"modified":"2022-04-06T08:31:23","modified_gmt":"2022-04-06T06:31:23","slug":"corsi","status":"publish","type":"page","link":"https:\/\/carlodeagnoi.com\/index.php\/corsi\/","title":{"rendered":"Corsi"},"content":{"rendered":"<div class=\"wpb-content-wrapper\"><p>[vc_row css=&#8221;.vc_custom_1597908895476{margin-top: 20px !important;padding-top: 10px !important;}&#8221;][vc_column width=&#8221;1\/6&#8243;][\/vc_column][vc_column width=&#8221;2\/3&#8243;][vc_column_text]<\/p>\n<h2 style=\"text-align: center;\">Corsi e seminari<\/h2>\n<p>[\/vc_column_text][vc_separator color=&#8221;custom&#8221; accent_color=&#8221;#333e48&#8243;][vc_column_text]<\/p>\n<h4 style=\"text-align: center;\"><strong>I NOSTRI CORSI SUL CAMPO SONO TEMPORANEAMENTE SOSPESI<\/strong><\/h4>\n<p>[\/vc_column_text][\/vc_column][vc_column width=&#8221;1\/6&#8243;][\/vc_column][\/vc_row][vc_row full_width=&#8221;stretch_row&#8221; css=&#8221;.vc_custom_1598443326622{margin-top: 10px !important;margin-bottom: 30px !important;padding-top: 5px !important;padding-bottom: 5px !important;background-color: #ededed !important;}&#8221;][vc_column width=&#8221;1\/2&#8243;][vc_column_text]<\/p>\n<p style=\"text-align: left;\">I workshop che periodicamente organizzo sono indirizzati agli appassionati di fotografia che hanno gi\u00e0 una preparazione di base, questo perch\u00e9 la ricerca sul campo \u00e8 rivolta principalmente verso elementi come la luce, l&#8217;inquadratura e la tridimensionalit\u00e0, privilegiando l&#8217;espressivit\u00e0 e la capacit\u00e0 di cogliere l&#8217;atmosfera e lo spirito che i soggetti esprimono.<br \/>\nNel visitare alcuni luoghi naturalistici straordinari, i partecipanti verranno coinvolti nella ricerca e valorizzazione anche di quei particolari che molto spesso passano inosservati.<\/p>\n<p>[\/vc_column_text][\/vc_column][vc_column width=&#8221;1\/2&#8243;][vc_column_text]Ovviamente non trascureremo l&#8217;approfondimento tecnico, indispensabile per realizzare immagini altamente suggestive. In particolare approfondiremo l&#8217;uso dei filtri neutral density e degradanti, oltre al polarizzatore.<br \/>\nPerfettamente organizzati, i miei corsi vi permetteranno di concentrarvi unicamente sulle riprese, consentendovi di vivere un&#8217;esperienza entusiasmante.[\/vc_column_text][\/vc_column][\/vc_row][vc_row css=&#8221;.vc_custom_1597908875054{margin-top: 20px !important;padding-top: 10px !important;}&#8221;][vc_column width=&#8221;1\/6&#8243;][\/vc_column][vc_column width=&#8221;1\/6&#8243;][vc_single_image image=&#8221;2743&#8243; img_size=&#8221;200&#215;119&#8243;][\/vc_column][vc_column width=&#8221;2\/6&#8243;][vc_column_text]<\/p>\n<h5><strong>IL FASCINO DELLE LOFOTEN<\/strong><\/h5>\n<p>Viaggio fotografico<br \/>\nFebbraio[\/vc_column_text][\/vc_column][vc_column width=&#8221;1\/6&#8243;][vc_empty_space height=&#8221;30px&#8221;][vc_btn title=&#8221;Scopri&#8221; style=&#8221;outline&#8221; shape=&#8221;square&#8221; color=&#8221;black&#8221; size=&#8221;sm&#8221; align=&#8221;center&#8221; button_block=&#8221;true&#8221; link=&#8221;url:https%3A%2F%2Fwww.carlodeagnoi.com%2Fdea-mp%2Fworkshop%2Flofoten%2F1_programma.php|target:_blank&#8221;][\/vc_column][vc_column width=&#8221;1\/6&#8243;][\/vc_column][\/vc_row][vc_row][vc_column width=&#8221;1\/6&#8243;][\/vc_column][vc_column width=&#8221;2\/3&#8243;][vc_separator color=&#8221;custom&#8221; accent_color=&#8221;#333e48&#8243;][\/vc_column][vc_column width=&#8221;1\/6&#8243;][\/vc_column][\/vc_row][vc_row][vc_column width=&#8221;1\/6&#8243;][\/vc_column][vc_column width=&#8221;1\/6&#8243;][vc_single_image image=&#8221;2742&#8243; img_size=&#8221;200&#215;119&#8243;][\/vc_column][vc_column width=&#8221;2\/6&#8243;][vc_column_text]<\/p>\n<h5><strong>I MONUMENTI DELL&#8217;OCEANO<\/strong><\/h5>\n<p>Viaggio fotografico<br \/>\nFebbraio[\/vc_column_text][\/vc_column][vc_column width=&#8221;1\/6&#8243;][vc_empty_space height=&#8221;30px&#8221;][vc_btn title=&#8221;Scopri&#8221; style=&#8221;outline&#8221; shape=&#8221;square&#8221; color=&#8221;black&#8221; size=&#8221;sm&#8221; align=&#8221;center&#8221; button_block=&#8221;true&#8221; link=&#8221;url:https%3A%2F%2Fwww.carlodeagnoi.com%2Fdea-mp%2Fworkshop%2Fbretagna%2F1_programma.php|target:_blank&#8221;][\/vc_column][vc_column width=&#8221;1\/6&#8243;][\/vc_column][\/vc_row][vc_row][vc_column width=&#8221;1\/6&#8243;][\/vc_column][vc_column width=&#8221;2\/3&#8243;][vc_separator color=&#8221;custom&#8221; accent_color=&#8221;#333e48&#8243;][\/vc_column][vc_column width=&#8221;1\/6&#8243;][\/vc_column][\/vc_row][vc_row][vc_column width=&#8221;1\/6&#8243;][\/vc_column][vc_column width=&#8221;1\/6&#8243;][vc_single_image image=&#8221;2740&#8243; img_size=&#8221;200&#215;119&#8243;][\/vc_column][vc_column width=&#8221;2\/6&#8243;][vc_column_text]<\/p>\n<h5><strong>UN MONDO D&#8217;ACQUA<\/strong><\/h5>\n<p>Workshop naturalistico<br \/>\nMaggio[\/vc_column_text][\/vc_column][vc_column width=&#8221;1\/6&#8243;][vc_empty_space height=&#8221;30px&#8221;][vc_btn title=&#8221;Scopri&#8221; style=&#8221;outline&#8221; shape=&#8221;square&#8221; color=&#8221;black&#8221; size=&#8221;sm&#8221; align=&#8221;center&#8221; button_block=&#8221;true&#8221; link=&#8221;url:https%3A%2F%2Fwww.carlodeagnoi.com%2Fdea-mp%2Fworkshop%2Facqua%2F1_programma.php|target:_blank&#8221;][\/vc_column][vc_column width=&#8221;1\/6&#8243;][\/vc_column][\/vc_row][vc_row][vc_column width=&#8221;1\/6&#8243;][\/vc_column][vc_column width=&#8221;2\/3&#8243;][vc_separator color=&#8221;custom&#8221; accent_color=&#8221;#333e48&#8243;][\/vc_column][vc_column width=&#8221;1\/6&#8243;][\/vc_column][\/vc_row][vc_row][vc_column width=&#8221;1\/6&#8243;][\/vc_column][vc_column width=&#8221;1\/6&#8243;][vc_single_image image=&#8221;2744&#8243; img_size=&#8221;200&#215;119&#8243;][\/vc_column][vc_column width=&#8221;2\/6&#8243;][vc_column_text]<\/p>\n<h5><strong>MERAVIGLIE D&#8217;IRLANDA<\/strong><\/h5>\n<p>Viaggio fotografico<br \/>\nMaggio &#8211; Ottobre[\/vc_column_text][\/vc_column][vc_column width=&#8221;1\/6&#8243;][vc_empty_space height=&#8221;30px&#8221;][vc_btn title=&#8221;Scopri&#8221; style=&#8221;outline&#8221; shape=&#8221;square&#8221; color=&#8221;black&#8221; size=&#8221;sm&#8221; align=&#8221;center&#8221; button_block=&#8221;true&#8221; link=&#8221;url:https%3A%2F%2Fwww.carlodeagnoi.com%2Fdea-mp%2Fworkshop%2Firlanda%2F1_programma.php|target:_blank&#8221;][\/vc_column][vc_column width=&#8221;1\/6&#8243;][\/vc_column][\/vc_row][vc_row][vc_column width=&#8221;1\/6&#8243;][\/vc_column][vc_column width=&#8221;2\/3&#8243;][vc_separator color=&#8221;custom&#8221; accent_color=&#8221;#333e48&#8243;][\/vc_column][vc_column width=&#8221;1\/6&#8243;][\/vc_column][\/vc_row][vc_row][vc_column width=&#8221;1\/6&#8243;][\/vc_column][vc_column width=&#8221;1\/6&#8243;][vc_single_image image=&#8221;2737&#8243; img_size=&#8221;200&#215;119&#8243;][\/vc_column][vc_column width=&#8221;2\/6&#8243;][vc_column_text]<\/p>\n<h5><strong>LA POESIA DEI FIORI<\/strong><\/h5>\n<p>Workshop naturalistico<br \/>\nGiugno[\/vc_column_text][\/vc_column][vc_column width=&#8221;1\/6&#8243;][vc_empty_space height=&#8221;30px&#8221;][vc_btn title=&#8221;Scopri&#8221; style=&#8221;outline&#8221; shape=&#8221;square&#8221; color=&#8221;black&#8221; size=&#8221;sm&#8221; align=&#8221;center&#8221; button_block=&#8221;true&#8221; link=&#8221;url:https%3A%2F%2Fwww.carlodeagnoi.com%2Fdea-mp%2Fworkshop%2Fcomelico%2F1_programma.php|target:_blank&#8221;][\/vc_column][vc_column width=&#8221;1\/6&#8243;][\/vc_column][\/vc_row][vc_row][vc_column width=&#8221;1\/6&#8243;][\/vc_column][vc_column width=&#8221;2\/3&#8243;][vc_separator color=&#8221;custom&#8221; accent_color=&#8221;#333e48&#8243;][\/vc_column][vc_column width=&#8221;1\/6&#8243;][\/vc_column][\/vc_row][vc_row][vc_column width=&#8221;1\/6&#8243;][\/vc_column][vc_column width=&#8221;1\/6&#8243;][vc_single_image image=&#8221;2741&#8243; img_size=&#8221;200&#215;119&#8243;][\/vc_column][vc_column width=&#8221;2\/6&#8243;][vc_column_text]<\/p>\n<h5><strong>HIGHLANDS<\/strong><\/h5>\n<p>Viaggio fotografico<br \/>\nOttobre[\/vc_column_text][\/vc_column][vc_column width=&#8221;1\/6&#8243;][vc_empty_space height=&#8221;30px&#8221;][vc_btn title=&#8221;Scopri&#8221; style=&#8221;outline&#8221; shape=&#8221;square&#8221; color=&#8221;black&#8221; size=&#8221;sm&#8221; align=&#8221;center&#8221; button_block=&#8221;true&#8221; link=&#8221;url:https%3A%2F%2Fwww.carlodeagnoi.com%2Fdea-mp%2Fworkshop%2Fskye%2F1_programma.php|target:_blank&#8221;][\/vc_column][vc_column width=&#8221;1\/6&#8243;][\/vc_column][\/vc_row][vc_row][vc_column width=&#8221;1\/6&#8243;][\/vc_column][vc_column width=&#8221;2\/3&#8243;][vc_separator color=&#8221;custom&#8221; accent_color=&#8221;#333e48&#8243;][\/vc_column][vc_column width=&#8221;1\/6&#8243;][\/vc_column][\/vc_row][vc_row][vc_column width=&#8221;1\/6&#8243;][\/vc_column][vc_column width=&#8221;1\/6&#8243;][vc_single_image image=&#8221;2738&#8243; img_size=&#8221;200&#215;119&#8243;][\/vc_column][vc_column width=&#8221;2\/6&#8243;][vc_column_text]<\/p>\n<h5><strong>I BOSCHI DEL CANSIGLIO<\/strong><\/h5>\n<p>Workshop naturalistico<br \/>\nOttobre[\/vc_column_text][\/vc_column][vc_column width=&#8221;1\/6&#8243;][vc_empty_space height=&#8221;30px&#8221;][vc_btn title=&#8221;Scopri&#8221; style=&#8221;outline&#8221; shape=&#8221;square&#8221; color=&#8221;black&#8221; size=&#8221;sm&#8221; align=&#8221;center&#8221; button_block=&#8221;true&#8221; link=&#8221;url:https%3A%2F%2Fwww.carlodeagnoi.com%2Fdea-mp%2Fworkshop%2Fcansiglio%2F1_programma.php|target:_blank&#8221;][\/vc_column][vc_column width=&#8221;1\/6&#8243;][\/vc_column][\/vc_row][vc_row][vc_column width=&#8221;1\/6&#8243;][\/vc_column][vc_column width=&#8221;2\/3&#8243;][vc_separator color=&#8221;custom&#8221; accent_color=&#8221;#333e48&#8243;][\/vc_column][vc_column width=&#8221;1\/6&#8243;][\/vc_column][\/vc_row][vc_row][vc_column width=&#8221;1\/6&#8243;][\/vc_column][vc_column width=&#8221;1\/6&#8243;][vc_single_image image=&#8221;2745&#8243; img_size=&#8221;200&#215;119&#8243;][\/vc_column][vc_column width=&#8221;2\/6&#8243;][vc_column_text]<\/p>\n<h5><strong>I COLORI DELL&#8217;AUTUNNO<\/strong><\/h5>\n<p>Workshop naturalistico<br \/>\nOttobre[\/vc_column_text][\/vc_column][vc_column width=&#8221;1\/6&#8243;][vc_empty_space height=&#8221;30px&#8221;][vc_btn title=&#8221;Scopri&#8221; style=&#8221;outline&#8221; shape=&#8221;square&#8221; color=&#8221;black&#8221; size=&#8221;sm&#8221; align=&#8221;center&#8221; button_block=&#8221;true&#8221; link=&#8221;url:https%3A%2F%2Fwww.carlodeagnoi.com%2Fdea-mp%2Fworkshop%2Fcarso%2F1_programma.php|title:Workshop%20naturalistico|target:_blank&#8221;][\/vc_column][vc_column width=&#8221;1\/6&#8243;][\/vc_column][\/vc_row][vc_row][vc_column width=&#8221;1\/6&#8243;][\/vc_column][vc_column width=&#8221;2\/3&#8243;][vc_separator color=&#8221;custom&#8221; accent_color=&#8221;#333e48&#8243;][\/vc_column][vc_column width=&#8221;1\/6&#8243;][\/vc_column][\/vc_row][vc_row][vc_column width=&#8221;1\/6&#8243;][\/vc_column][vc_column width=&#8221;1\/6&#8243;][vc_single_image image=&#8221;2739&#8243; img_size=&#8221;200&#215;119&#8243;][\/vc_column][vc_column width=&#8221;2\/6&#8243;][vc_column_text]<\/p>\n<h5><strong>I RIFLESSI DELLE DOLOMITI<\/strong><\/h5>\n<p>Workshop naturalistico<br \/>\nOttobre[\/vc_column_text][\/vc_column][vc_column width=&#8221;1\/6&#8243;][vc_empty_space height=&#8221;30px&#8221;][vc_btn title=&#8221;Scopri&#8221; style=&#8221;outline&#8221; shape=&#8221;square&#8221; color=&#8221;black&#8221; size=&#8221;sm&#8221; align=&#8221;center&#8221; button_block=&#8221;true&#8221; link=&#8221;url:https%3A%2F%2Fwww.carlodeagnoi.com%2Fdea-mp%2Fworkshop%2Fdolomiti%2F1_programma.php|title:Workshop%20naturalistico|target:_blank&#8221;][\/vc_column][vc_column width=&#8221;1\/6&#8243;][\/vc_column][\/vc_row][vc_row full_width=&#8221;stretch_row&#8221; css=&#8221;.vc_custom_1597908860733{margin-top: 20px !important;margin-bottom: 30px !important;padding-top: 5px !important;padding-bottom: 5px !important;background-color: #ededed !important;}&#8221;][vc_column width=&#8221;1\/2&#8243;][vc_column_text]<\/p>\n<p style=\"text-align: left;\">La mia esperienza nel campo dell&#8217;elaborazione digitale e dell&#8217;archiviazione delle immagini attraverso l&#8217;uso di software dedicati alla post-produzione mi permette di sviluppare un veloce workflow dell&#8217;intero processo: dallo scarico delle fotografie dalla fotocamera, alla loro preparazione, fino ad arrivare alla presentazione attraverso video proiezioni e libri fotografici.<\/p>\n<p>[\/vc_column_text][\/vc_column][vc_column width=&#8221;1\/2&#8243;][vc_column_text]Ancor prima di passare al digitale conoscevo molto bene l&#8217;uso dei programmi di fotoritocco e d&#8217;impaginazione per aver informatizzato diversi laboratori grafici.<\/p>\n<p>L&#8217;esperienza maturata nel campo degli audiovisivi fin dal 1992 mi permette di esplorare a fondo la materia. L&#8217;interazione con le molteplici realt\u00e0 artistiche ha contribuito a formare una visione pi\u00f9 ampia del concetto di impatto emotivo attraverso la fotografia.[\/vc_column_text][\/vc_column][\/vc_row][vc_row css=&#8221;.vc_custom_1598443257780{margin-top: 20px !important;}&#8221;][vc_column width=&#8221;1\/6&#8243;][\/vc_column][vc_column width=&#8221;1\/6&#8243;][vc_single_image image=&#8221;2756&#8243; img_size=&#8221;200&#215;119&#8243;][\/vc_column][vc_column width=&#8221;2\/6&#8243;][vc_column_text]<\/p>\n<h5><strong>IL FOTORITOCCO<\/strong><\/h5>\n<p>Corso pratico<br \/>\nDisponibile su richiesta[\/vc_column_text][\/vc_column][vc_column width=&#8221;1\/6&#8243;][vc_empty_space height=&#8221;30px&#8221;][vc_btn title=&#8221;Scopri&#8221; style=&#8221;outline&#8221; shape=&#8221;square&#8221; color=&#8221;black&#8221; size=&#8221;sm&#8221; align=&#8221;center&#8221; button_block=&#8221;true&#8221; link=&#8221;url:https%3A%2F%2Fcarlodeagnoi.com%2Findex.php%2Ffotoritocco%2F|title:Il%20fotoritocco|target:_blank&#8221;][\/vc_column][vc_column width=&#8221;1\/6&#8243;][\/vc_column][\/vc_row][vc_row][vc_column width=&#8221;1\/6&#8243;][\/vc_column][vc_column width=&#8221;2\/3&#8243;][vc_separator color=&#8221;custom&#8221; accent_color=&#8221;#333e48&#8243;][\/vc_column][vc_column width=&#8221;1\/6&#8243;][\/vc_column][\/vc_row][vc_row][vc_column width=&#8221;1\/6&#8243;][\/vc_column][vc_column width=&#8221;1\/6&#8243;][vc_single_image image=&#8221;2757&#8243; img_size=&#8221;200&#215;119&#8243;][\/vc_column][vc_column width=&#8221;2\/6&#8243;][vc_column_text]<\/p>\n<h5><strong>LA PRESENTAZIONE MULTIMEDIALE<\/strong><\/h5>\n<p>Seminario tecnico &#8211; Corso pratico<br \/>\nDisponibile su richiesta[\/vc_column_text][\/vc_column][vc_column width=&#8221;1\/6&#8243;][vc_empty_space height=&#8221;30px&#8221;][vc_btn title=&#8221;Scopri&#8221; style=&#8221;outline&#8221; shape=&#8221;square&#8221; color=&#8221;black&#8221; size=&#8221;sm&#8221; align=&#8221;center&#8221; button_block=&#8221;true&#8221; link=&#8221;url:https%3A%2F%2Fcarlodeagnoi.com%2Findex.php%2Fseminario-sulla-multivisione%2F|title:La%20presentazione%20multimediale|target:_blank&#8221;][\/vc_column][vc_column width=&#8221;1\/6&#8243;][\/vc_column][\/vc_row][vc_row css=&#8221;.vc_custom_1599758176480{margin-bottom: 25px !important;}&#8221;][vc_column width=&#8221;1\/6&#8243;][\/vc_column][vc_column width=&#8221;2\/3&#8243;][vc_separator color=&#8221;custom&#8221; accent_color=&#8221;#333e48&#8243;][\/vc_column][vc_column width=&#8221;1\/6&#8243;][\/vc_column][\/vc_row]<\/p>\n<\/div>","protected":false},"excerpt":{"rendered":"<p>[vc_row css=&#8221;.vc_custom_1597908895476{margin-top: 20px !important;padding-top: 10px !important;}&#8221;][vc_column width=&#8221;1\/6&#8243;][\/vc_column][vc_column width=&#8221;2\/3&#8243;][vc_column_text] Corsi e seminari [\/vc_column_text][vc_separator color=&#8221;custom&#8221; accent_color=&#8221;#333e48&#8243;][vc_column_text] I NOSTRI CORSI SUL CAMPO SONO TEMPORANEAMENTE SOSPESI [\/vc_column_text][\/vc_column][vc_column width=&#8221;1\/6&#8243;][\/vc_column][\/vc_row][vc_row full_width=&#8221;stretch_row&#8221; css=&#8221;.vc_custom_1598443326622{margin-top: 10px !important;margin-bottom: 30px !important;padding-top: 5px !important;padding-bottom: 5px !important;background-color: #ededed !important;}&#8221;][vc_column width=&#8221;1\/2&#8243;][vc_column_text] I workshop che periodicamente organizzo sono indirizzati agli appassionati di fotografia che hanno gi\u00e0 una preparazione di base,&hellip;<\/p>\n","protected":false},"author":1,"featured_media":0,"parent":0,"menu_order":0,"comment_status":"closed","ping_status":"closed","template":"","meta":{"_acf_changed":false,"inline_featured_image":false,"footnotes":""},"class_list":["post-2672","page","type-page","status-publish","hentry"],"acf":[],"_links":{"self":[{"href":"https:\/\/carlodeagnoi.com\/index.php\/wp-json\/wp\/v2\/pages\/2672","targetHints":{"allow":["GET"]}}],"collection":[{"href":"https:\/\/carlodeagnoi.com\/index.php\/wp-json\/wp\/v2\/pages"}],"about":[{"href":"https:\/\/carlodeagnoi.com\/index.php\/wp-json\/wp\/v2\/types\/page"}],"author":[{"embeddable":true,"href":"https:\/\/carlodeagnoi.com\/index.php\/wp-json\/wp\/v2\/users\/1"}],"replies":[{"embeddable":true,"href":"https:\/\/carlodeagnoi.com\/index.php\/wp-json\/wp\/v2\/comments?post=2672"}],"version-history":[{"count":61,"href":"https:\/\/carlodeagnoi.com\/index.php\/wp-json\/wp\/v2\/pages\/2672\/revisions"}],"predecessor-version":[{"id":3648,"href":"https:\/\/carlodeagnoi.com\/index.php\/wp-json\/wp\/v2\/pages\/2672\/revisions\/3648"}],"wp:attachment":[{"href":"https:\/\/carlodeagnoi.com\/index.php\/wp-json\/wp\/v2\/media?parent=2672"}],"curies":[{"name":"wp","href":"https:\/\/api.w.org\/{rel}","templated":true}]}}