{"id":17,"date":"2020-02-21T17:44:01","date_gmt":"2020-02-21T16:44:01","guid":{"rendered":"http:\/\/carlodeagnoi.com\/?page_id=17"},"modified":"2022-02-21T17:09:16","modified_gmt":"2022-02-21T16:09:16","slug":"fotografia","status":"publish","type":"page","link":"https:\/\/carlodeagnoi.com\/index.php\/fotografia\/","title":{"rendered":"Fotografia"},"content":{"rendered":"<div class=\"wpb-content-wrapper\"><p>[vc_row full_width=&#8221;stretch_row&#8221;][vc_column]\n\t\t\t<!-- START Fotografiapagina REVOLUTION SLIDER 6.7.41 --><p class=\"rs-p-wp-fix\"><\/p>\n\t\t\t<rs-module-wrap id=\"rev_slider_20_1_wrapper\" data-source=\"gallery\" style=\"visibility:hidden;background:transparent;padding:0;margin:0px auto;margin-top:0;margin-bottom:0;\">\n\t\t\t\t<rs-module id=\"rev_slider_20_1\" style=\"\" data-version=\"6.7.41\">\n\t\t\t\t\t<rs-slides style=\"overflow: hidden; position: absolute;\">\n\t\t\t\t\t\t<rs-slide style=\"position: absolute;\" data-key=\"rs-203\" data-title=\"Slide\" data-anim=\"ms:1000;r:0;\" data-in=\"o:0;\" data-out=\"a:false;\">\n\t\t\t\t\t\t\t<img decoding=\"async\" src=\"\/\/carlodeagnoi.com\/wp-content\/plugins\/revslider\/sr6\/assets\/assets\/dummy.png\" alt=\"Slide\" title=\"Fotografia\" class=\"rev-slidebg tp-rs-img rs-lazyload\" data-lazyload=\"\/\/carlodeagnoi.com\/wp-content\/plugins\/revslider\/sr6\/assets\/assets\/transparent.png\" data-no-retina>\n<!--\n\t\t\t\t\t\t\t--><h1\n\t\t\t\t\t\t\t\tid=\"slider-20-slide-203-layer-1\" \n\t\t\t\t\t\t\t\tclass=\"rs-layer\"\n\t\t\t\t\t\t\t\tdata-type=\"text\"\n\t\t\t\t\t\t\t\tdata-rsp_ch=\"on\"\n\t\t\t\t\t\t\t\tdata-xy=\"x:c;y:m;yo:-29px,-32px,-94px,-80px;\"\n\t\t\t\t\t\t\t\tdata-text=\"w:normal;s:80,80,80,60;l:80,80,80,65;ls:2px,2px,0px,0px;fw:500;a:center;\"\n\t\t\t\t\t\t\t\tdata-dim=\"w:555px,498px,420px,326px;h:80px,80px,auto,auto;\"\n\t\t\t\t\t\t\t\tdata-frame_1=\"e:power4.in;sp:800;\"\n\t\t\t\t\t\t\t\tdata-frame_999=\"o:0;st:w;sR:8200;\"\n\t\t\t\t\t\t\t\tstyle=\"z-index:10;font-family:'El Messiri';\"\n\t\t\t\t\t\t\t>Fotografia \n\t\t\t\t\t\t\t<\/h1><!--\n\n\t\t\t\t\t\t\t--><h3\n\t\t\t\t\t\t\t\tid=\"slider-20-slide-203-layer-3\" \n\t\t\t\t\t\t\t\tclass=\"rs-layer\"\n\t\t\t\t\t\t\t\tdata-type=\"text\"\n\t\t\t\t\t\t\t\tdata-rsp_ch=\"on\"\n\t\t\t\t\t\t\t\tdata-xy=\"x:c;y:t,t,t,m;yo:347px,347px,332px,80px;\"\n\t\t\t\t\t\t\t\tdata-text=\"w:normal;s:28,28,24,20;l:34,34,28,24;fw:500;a:center;\"\n\t\t\t\t\t\t\t\tdata-dim=\"w:792px,673px,500px,335px;h:220px,220px,197px,192px;\"\n\t\t\t\t\t\t\t\tdata-frame_1=\"e:power4.in;sp:800;\"\n\t\t\t\t\t\t\t\tdata-frame_999=\"o:0;st:w;sR:8200;\"\n\t\t\t\t\t\t\t\tstyle=\"z-index:9;font-family:'Work Sans';\"\n\t\t\t\t\t\t\t>Ogni fotografia \u00e8 qualche volta un punto di arrivo, sempre un punto di partenza. \n\t\t\t\t\t\t\t<\/h3><!--\n\n\t\t\t\t\t\t\t--><rs-layer\n\t\t\t\t\t\t\t\tid=\"slider-20-slide-203-layer-4\" \n\t\t\t\t\t\t\t\tdata-type=\"image\"\n\t\t\t\t\t\t\t\tdata-rsp_ch=\"on\"\n\t\t\t\t\t\t\t\tdata-xy=\"x:c;xo:0,0,230px,220px;\"\n\t\t\t\t\t\t\t\tdata-text=\"w:normal;\"\n\t\t\t\t\t\t\t\tdata-dim=\"w:1923px,1923px,2288px,1933px;h:601px,601px,715px,604px;\"\n\t\t\t\t\t\t\t\tdata-frame_999=\"o:0;st:w;\"\n\t\t\t\t\t\t\t\tstyle=\"z-index:8;\"\n\t\t\t\t\t\t\t><img decoding=\"async\" src=\"\/\/carlodeagnoi.com\/wp-content\/plugins\/revslider\/sr6\/assets\/assets\/dummy.png\" alt=\"fiori\" class=\"tp-rs-img rs-lazyload\" width=\"1920\" height=\"600\" data-lazyload=\"\/\/carlodeagnoi.com\/wp-content\/uploads\/2020\/02\/HAL19_2025.jpg\" data-no-retina> \n\t\t\t\t\t\t\t<\/rs-layer><!--\n-->\t\t\t\t\t<\/rs-slide>\n\t\t\t\t\t<\/rs-slides>\n\t\t\t\t\t<rs-static-layers><!--\n\t\t\t\t\t--><\/rs-static-layers>\n\t\t\t\t<\/rs-module>\n\t\t\t\t<script>\n\t\t\t\t\tsetREVStartSize({c: 'rev_slider_20_1',rl:[1240,1024,768,480],el:[600,600,700,600],gw:[1920,1920,768,480],gh:[600,600,700,600],type:'hero',justify:'',layout:'fullwidth',mh:\"0\"});if (window.RS_MODULES!==undefined && window.RS_MODULES.modules!==undefined && window.RS_MODULES.modules[\"revslider201\"]!==undefined) {window.RS_MODULES.modules[\"revslider201\"].once = false;window.revapi20 = undefined;if (window.RS_MODULES.checkMinimal!==undefined) window.RS_MODULES.checkMinimal()}\n\t\t\t\t<\/script>\n\t\t\t<\/rs-module-wrap>\n\t\t\t<!-- END REVOLUTION SLIDER -->\n[\/vc_column][\/vc_row][vc_row full_width=&#8221;stretch_row&#8221; css=&#8221;.vc_custom_1582308232058{margin-bottom: 20px !important;padding-top: 20px !important;padding-bottom: 20px !important;background-color: #f0f2f6 !important;}&#8221;][vc_column width=&#8221;1\/2&#8243;][vc_column_text]<\/p>\n<h6 style=\"text-align: left;\"><span style=\"color: #333333;\">Ogni aspetto della realt\u00e0 merita di essere approfondito.<br \/>\nOgni autentico moto dell&#8217;anima merita di essere scandagliato.<br \/>\n<\/span><span style=\"color: #333333;\">Ogni giorno mi affaccio al balcone della vita e mi lascio trasportare laddove mi accompagna la curiosit\u00e0: alla scoperta della bellezza.<\/span><\/h6>\n<p>[\/vc_column_text][\/vc_column][vc_column width=&#8221;1\/2&#8243;][vc_column_text]<\/p>\n<h6 style=\"text-align: left;\"><span style=\"color: #333333;\">Nascosta tra le curve di un fiore, mimetizzata dalle rughe di un&#8217;espressione intensa, la bellezza mi fa dire che c&#8217;\u00e8 qualcosa che va oltre ci\u00f2 che vediamo.<br \/>\n<\/span><span style=\"color: #333333;\">E se lei, la nostra guida, \u00e8 dentro di noi, non sar\u00e0 poi cos\u00ec difficile seguirla, non far\u00e0 troppa paura il mistero che avvolge il nostro futuro.<\/span><\/h6>\n<p>[\/vc_column_text][\/vc_column][\/vc_row][vc_row][vc_column][lab_portfolio_items portfolio_type=&#8221;type-2&#8243; pagination_type=&#8221;endless&#8221; endless_auto_reveal=&#8221;yes&#8221; portfolio_query=&#8221;size:23|order_by:date|post_type:portfolio&#8221;][\/vc_column][\/vc_row]<\/p>\n<\/div>","protected":false},"excerpt":{"rendered":"<p>[vc_row full_width=&#8221;stretch_row&#8221;][vc_column][\/vc_column][\/vc_row][vc_row full_width=&#8221;stretch_row&#8221; css=&#8221;.vc_custom_1582308232058{margin-bottom: 20px !important;padding-top: 20px !important;padding-bottom: 20px !important;background-color: #f0f2f6 !important;}&#8221;][vc_column width=&#8221;1\/2&#8243;][vc_column_text] Ogni aspetto della realt\u00e0 merita di essere approfondito. Ogni autentico moto dell&#8217;anima merita di essere scandagliato. Ogni giorno mi affaccio al balcone della vita e mi lascio trasportare laddove mi accompagna la curiosit\u00e0: alla scoperta della bellezza. [\/vc_column_text][\/vc_column][vc_column width=&#8221;1\/2&#8243;][vc_column_text] Nascosta tra le&hellip;<\/p>\n","protected":false},"author":1,"featured_media":0,"parent":0,"menu_order":0,"comment_status":"closed","ping_status":"closed","template":"","meta":{"_acf_changed":false,"inline_featured_image":false,"footnotes":""},"class_list":["post-17","page","type-page","status-publish","hentry"],"acf":[],"_links":{"self":[{"href":"https:\/\/carlodeagnoi.com\/index.php\/wp-json\/wp\/v2\/pages\/17","targetHints":{"allow":["GET"]}}],"collection":[{"href":"https:\/\/carlodeagnoi.com\/index.php\/wp-json\/wp\/v2\/pages"}],"about":[{"href":"https:\/\/carlodeagnoi.com\/index.php\/wp-json\/wp\/v2\/types\/page"}],"author":[{"embeddable":true,"href":"https:\/\/carlodeagnoi.com\/index.php\/wp-json\/wp\/v2\/users\/1"}],"replies":[{"embeddable":true,"href":"https:\/\/carlodeagnoi.com\/index.php\/wp-json\/wp\/v2\/comments?post=17"}],"version-history":[{"count":34,"href":"https:\/\/carlodeagnoi.com\/index.php\/wp-json\/wp\/v2\/pages\/17\/revisions"}],"predecessor-version":[{"id":3048,"href":"https:\/\/carlodeagnoi.com\/index.php\/wp-json\/wp\/v2\/pages\/17\/revisions\/3048"}],"wp:attachment":[{"href":"https:\/\/carlodeagnoi.com\/index.php\/wp-json\/wp\/v2\/media?parent=17"}],"curies":[{"name":"wp","href":"https:\/\/api.w.org\/{rel}","templated":true}]}}